{"id":2823,"date":"2016-06-14T07:12:28","date_gmt":"2016-06-14T07:12:28","guid":{"rendered":"http:\/\/nixe-demo1.rtthemes.com\/?page_id=2823"},"modified":"2022-05-21T00:32:59","modified_gmt":"2022-05-20T21:32:59","slug":"safety","status":"publish","type":"page","link":"https:\/\/keamare.gr\/de\/safety\/","title":{"rendered":"Gesundheits und Sicherheitsvorschriften"},"content":{"rendered":"<p>[vc_row rt_row_background_width=&#8221;fullwidth&#8221; rt_row_content_width=&#8221;default&#8221; rt_row_style=&#8221;default-style&#8221; rt_row_height=&#8221;full_height&#8221; rt_holder_placement=&#8221;middle&#8221; rt_column_placement=&#8221;middle&#8221; rt_row_borders=&#8221;&#8221; rt_row_shadows=&#8221;&#8221; rt_column_gaps=&#8221;&#8221; rt_row_paddings=&#8221;true&#8221; rt_bg_effect=&#8221;shape&#8221; rt_bg_shape=&#8221;cross-left&#8221; rt_bg_custom_alignment=&#8221;top&#8221; rt_transparent_bg=&#8221;&#8221; rt_bg_image_repeat=&#8221;no-repeat&#8221; rt_bg_size=&#8221;cover&#8221; rt_bg_position=&#8221;right bottom&#8221; rt_bg_video_format=&#8221;self-hosted&#8221; rt_padding_top=&#8221;30&#8243; rt_padding_bottom=&#8221;30&#8243; rt_bg_overlay_color=&#8221;rgba(0,0,0,0.15)&#8221; rt_bg_color=&#8221;#515585&#8243; rt_bg_shape_color=&#8221;#bfaea0&#8243;][vc_column css_animation=&#8221;fadeInUp&#8221; rt_col_paddings=&#8221;false&#8221; rt_wrp_col_paddings=&#8221;true&#8221; rt_column_shadow=&#8221;&#8221; rt_border_top=&#8221;&#8221; rt_border_bottom=&#8221;&#8221; rt_border_left=&#8221;&#8221; rt_border_right=&#8221;&#8221; rt_border_top_mobile=&#8221;&#8221; rt_border_bottom_mobile=&#8221;&#8221; rt_border_left_mobile=&#8221;&#8221; rt_border_right_mobile=&#8221;&#8221; rt_bg_holder=&#8221;wrapper&#8221; rt_bg_image_repeat=&#8221;repeat&#8221; rt_bg_size=&#8221;auto auto&#8221; rt_bg_position=&#8221;right top&#8221; rt_bg_attachment=&#8221;scroll&#8221; rt_bg_color=&#8221;#ffffff&#8221; rt_bg_overlay_color=&#8221;&#8221; rt_wrp_padding_top=&#8221;10&#8243; rt_wrp_padding_bottom=&#8221;30&#8243; rt_wrp_padding_left=&#8221;40&#8243; rt_wrp_padding_right=&#8221;40&#8243;][vc_empty_space height=&#8221;30px&#8221;]<div class=\"rt_quote\"  >\n\t\t\t\t\t\t\t<p>\n\t\t\t\t\t\t\t\t<span class=\"icon-quote-left\"><\/span>\n\t\t\t\t\t\t\t\tIn den Kea Mare Villen halten wir uns an die geltenden Vorschriften zur Verbreitung von COVID-19, und wir verpflichten uns Ihnen gegen\u00fcber, Ihre Sicherheit w\u00e4hrend Ihres Urlaubs zu gew\u00e4hrleisten.<\/p>\n<p>In Kea Mare beobachten wir st\u00e4ndig die neuesten Entwicklungen in Bezug auf Covid-19, und passen unsere Dienstleistungen gem\u00e4\u00df den Protokollen und Anweisungen der Nationalen Organisation f\u00fcr \u00f6ffentliche Gesundheit (EODY) und der Weltgesundheitsorganisation (WHO) an.<\/p>\n<p>Unser Personal ist wird in der Umsetzung der g\u00e4ngigen Hygiene- und Sicherheitsma\u00dfnahmen regelm\u00e4ssig geschult, und steht Ihnen jederzeit f\u00fcr Fragen und weitere Informationen zur Verf\u00fcgung.\n\t\t\t\t\t\t\t\t<span class=\"icon-quote-right\"><\/span>\n\t\t\t\t\t\t\t<\/p>\n\t\t\t\t\t\t\t\n\t\t\t\t\t<\/div>[\/vc_column][\/vc_row]<\/p>\n","protected":false},"excerpt":{"rendered":"<p>[vc_row rt_row_background_width=&#8221;fullwidth&#8221; rt_row_content_width=&#8221;default&#8221; rt_row_style=&#8221;default-style&#8221; rt_row_height=&#8221;full_height&#8221; rt_holder_placement=&#8221;middle&#8221; rt_column_placement=&#8221;middle&#8221; rt_row_borders=&#8221;&#8221; rt_row_shadows=&#8221;&#8221; rt_column_gaps=&#8221;&#8221; rt_row_paddings=&#8221;true&#8221; rt_bg_effect=&#8221;shape&#8221; rt_bg_shape=&#8221;cross-left&#8221; rt_bg_custom_alignment=&#8221;top&#8221; rt_transparent_bg=&#8221;&#8221; rt_bg_image_repeat=&#8221;no-repeat&#8221; rt_bg_size=&#8221;cover&#8221; rt_bg_position=&#8221;right bottom&#8221; rt_bg_video_format=&#8221;self-hosted&#8221; rt_padding_top=&#8221;30&#8243; rt_padding_bottom=&#8221;30&#8243; rt_bg_overlay_color=&#8221;rgba(0,0,0,0.15)&#8221; rt_bg_color=&#8221;#515585&#8243; rt_bg_shape_color=&#8221;#bfaea0&#8243;][vc_column css_animation=&#8221;fadeInUp&#8221; rt_col_paddings=&#8221;false&#8221; rt_wrp_col_paddings=&#8221;true&#8221; rt_column_shadow=&#8221;&#8221; rt_border_top=&#8221;&#8221; rt_border_bottom=&#8221;&#8221; rt_border_left=&#8221;&#8221; rt_border_right=&#8221;&#8221; rt_border_top_mobile=&#8221;&#8221; rt_border_bottom_mobile=&#8221;&#8221; rt_border_left_mobile=&#8221;&#8221; rt_border_right_mobile=&#8221;&#8221; rt_bg_holder=&#8221;wrapper&#8221; rt_bg_image_repeat=&#8221;repeat&#8221; rt_bg_size=&#8221;auto auto&#8221; rt_bg_position=&#8221;right top&#8221; rt_bg_attachment=&#8221;scroll&#8221; rt_bg_color=&#8221;#ffffff&#8221; rt_bg_overlay_color=&#8221;&#8221; rt_wrp_padding_top=&#8221;10&#8243; rt_wrp_padding_bottom=&#8221;30&#8243; rt_wrp_padding_left=&#8221;40&#8243; rt_wrp_padding_right=&#8221;40&#8243;][vc_empty_space height=&#8221;30px&#8221;][\/vc_column][\/vc_row&#8230; <a class=\"more-link\" href=\"https:\/\/keamare.gr\/de\/safety\/\">Continue reading<\/a><\/p>\n","protected":false},"author":1,"featured_media":0,"parent":0,"menu_order":0,"comment_status":"closed","ping_status":"closed","template":"","meta":{"footnotes":""},"class_list":["post-2823","page","type-page","status-publish","hentry"],"_links":{"self":[{"href":"https:\/\/keamare.gr\/de\/wp-json\/wp\/v2\/pages\/2823","targetHints":{"allow":["GET"]}}],"collection":[{"href":"https:\/\/keamare.gr\/de\/wp-json\/wp\/v2\/pages"}],"about":[{"href":"https:\/\/keamare.gr\/de\/wp-json\/wp\/v2\/types\/page"}],"author":[{"embeddable":true,"href":"https:\/\/keamare.gr\/de\/wp-json\/wp\/v2\/users\/1"}],"replies":[{"embeddable":true,"href":"https:\/\/keamare.gr\/de\/wp-json\/wp\/v2\/comments?post=2823"}],"version-history":[{"count":0,"href":"https:\/\/keamare.gr\/de\/wp-json\/wp\/v2\/pages\/2823\/revisions"}],"wp:attachment":[{"href":"https:\/\/keamare.gr\/de\/wp-json\/wp\/v2\/media?parent=2823"}],"curies":[{"name":"wp","href":"https:\/\/api.w.org\/{rel}","templated":true}]}}