{"id":4657,"date":"2016-06-15T02:05:11","date_gmt":"2016-06-14T23:05:11","guid":{"rendered":"https:\/\/keamare.gr\/?page_id=4657"},"modified":"2023-04-13T16:58:00","modified_gmt":"2023-04-13T13:58:00","slug":"km-policy","status":"publish","type":"page","link":"https:\/\/keamare.gr\/de\/km-policy\/","title":{"rendered":"Hausregeln"},"content":{"rendered":"<p>[vc_row rt_row_background_width=&#8221;fullwidth&#8221; rt_row_content_width=&#8221;default&#8221; rt_row_style=&#8221;default-style&#8221; rt_row_height=&#8221;full_height&#8221; rt_holder_placement=&#8221;middle&#8221; rt_column_placement=&#8221;middle&#8221; rt_row_borders=&#8221;&#8221; rt_row_shadows=&#8221;&#8221; rt_column_gaps=&#8221;&#8221; rt_row_paddings=&#8221;true&#8221; rt_bg_effect=&#8221;shape&#8221; rt_bg_shape=&#8221;cross-left&#8221; rt_bg_custom_alignment=&#8221;top&#8221; rt_transparent_bg=&#8221;&#8221; rt_bg_image_repeat=&#8221;no-repeat&#8221; rt_bg_size=&#8221;cover&#8221; rt_bg_position=&#8221;right bottom&#8221; rt_bg_video_format=&#8221;self-hosted&#8221; rt_padding_top=&#8221;50&#8243; rt_padding_bottom=&#8221;50&#8243; rt_bg_overlay_color=&#8221;rgba(0,0,0,0.15)&#8221; rt_bg_color=&#8221;#515585&#8243; rt_bg_shape_color=&#8221;#bfaea0&#8243;][vc_column css_animation=&#8221;fadeInUp&#8221; rt_col_paddings=&#8221;false&#8221; rt_wrp_col_paddings=&#8221;true&#8221; rt_column_shadow=&#8221;&#8221; rt_border_top=&#8221;&#8221; rt_border_bottom=&#8221;&#8221; rt_border_left=&#8221;&#8221; rt_border_right=&#8221;&#8221; rt_border_top_mobile=&#8221;&#8221; rt_border_bottom_mobile=&#8221;&#8221; rt_border_left_mobile=&#8221;&#8221; rt_border_right_mobile=&#8221;&#8221; rt_bg_holder=&#8221;wrapper&#8221; rt_bg_image_repeat=&#8221;repeat&#8221; rt_bg_size=&#8221;auto auto&#8221; rt_bg_position=&#8221;right top&#8221; rt_bg_attachment=&#8221;scroll&#8221; rt_bg_color=&#8221;#ffffff&#8221; rt_bg_overlay_color=&#8221;&#8221; rt_wrp_padding_top=&#8221;40&#8243; rt_wrp_padding_bottom=&#8221;30&#8243; rt_wrp_padding_left=&#8221;40&#8243; rt_wrp_padding_right=&#8221;40&#8243;][vc_text_separator title_align=&#8221;separator_align_left&#8221; css_animation=&#8221;none&#8221; title=&#8221;Hotelrichtlinien&#8221; el_class=&#8221;h4&#8243;][vc_column_text]\t \n\t\t<div  class=\"bullet-list style-1  check\">\n\t\t<ul>\n<li>Ankunft ab15.00 Uhr \u2013 Abreise bis 11.00 Uhr.<\/li>\n<li>Zimmerreinigung zwischen 09:00 \u2013 13:00 Uhr auf Anfrage ohne Aufpreis.<\/li>\n<li>Das Rauchen ist nur im Au\u00dfengel\u00e4nde gestattet.<\/li>\n<li>Swimmingpool und Jacuzzi k\u00f6nnen von 09:00 bis 20:00 Uhr genutzt werden.<\/li>\n<li>Es gibt keinen Rettungsschwimmer am Pool. Die Nutzung des Schwimmbades erfolgt ausschlie\u00dflich auf eigene Gefahr.<\/li>\n<li>Das Hotel befindet sich in einem Wohngebiet, daher werden die G\u00e4ste gebeten, die Anwohner zu respektieren, insbesondere w\u00e4hrend der Mittagsruhe und in der Nacht. Ruhezeiten (nach griechischem Recht): 15:00-17:30 und 23:00-07:00.<\/li>\n<li>Bitte informieren Sie uns \u00fcber Ihre voraussichtliche Ankunftszeit. Wir freuen uns Sie pers\u00f6nlich begr\u00fc\u00dfen zu d\u00fcrfen! Wenn wir jedoch zum Zeitpunkt Ihrer Ankunft aus irgendeinem Grund nicht anwesend sein k\u00f6nnen, benutzen Sie den Zugangscode, den Sie am Tag vor Ihrer Anreise erhalten werden, um einzutreten. F\u00fcr weitere Fragen stehen wir Ihnen jederzeit zur Verf\u00fcgung.<\/li>\n<li>Beim Check-in ist die Vorlage eines Ausweises und einer Kreditkarte ben\u00f6tigt.<\/li>\n<li>Die \u00dcbernachtungskosten werden beim Check-in beglichen.<\/li>\n<\/ul>\n\n\t\t<\/div>\n\t[\/vc_column_text][vc_text_separator title_align=&#8221;separator_align_left&#8221; css_animation=&#8221;none&#8221; title=&#8221;Richtlinie f\u00fcr Menschen mit Behinderungen&#8221; el_class=&#8221;h4&#8243;][vc_column_text el_class=&#8221;myHeight myRoomsLink&#8221; css=&#8221;.vc_custom_1653241506868{margin-top: -10px !important;}&#8221;]Die Morphologie des Bodens sowie auch die kykladische Architektur erlauben uns nicht Aufz\u00fcge und Rampen im Freien zu schaffen, die die Unterbringung von Personen mit bestimmten Behinderungen erleichtern w\u00fcrden.<\/p>\n<p>Wir bitten um Ihr Verst\u00e4ndnis.[\/vc_column_text][vc_text_separator title_align=&#8221;separator_align_left&#8221; css_animation=&#8221;none&#8221; title=&#8221;Richtlinie in Bezug auf Haustiere&#8221; el_class=&#8221;h4&#8243;][vc_column_text el_class=&#8221;myHeight myRoomsLink&#8221; css=&#8221;.vc_custom_1681394278780{margin-top: -10px !important;}&#8221;]Leider m\u00fcssen wir Ihnen mitteilen, dass Haustiere in unserem Hotel nicht gestattet sind.<br \/>\nWir entschuldigen uns f\u00fcr etwaige Unannehmlichkeiten und sch\u00e4tzen Ihr Verst\u00e4ndnis f\u00fcr unsere Richtlinie.[\/vc_column_text][vc_text_separator title_align=&#8221;separator_align_left&#8221; css_animation=&#8221;none&#8221; title=&#8221;Datenschutz-Bestimmungen&#8221; el_class=&#8221;h4&#8243;][vc_column_text el_class=&#8221;myHeight myRoomsLink&#8221; css=&#8221;.vc_custom_1653241617586{margin-top: -10px !important;}&#8221;]Wir verwenden Cookies, um die Benutzerfreundlichkeit unserer Website zu verbessern und sicherzustellen, dass Sie die bestm\u00f6gliche Erfahrung auf unserer Website machen. Mit der Nutzung unserer Webseiten stimmen Sie der Verwendung von Cookies gem\u00e4ss dieser Richtlinie zu.[\/vc_column_text][\/vc_column][\/vc_row]<\/p>\n","protected":false},"excerpt":{"rendered":"<p>[vc_row rt_row_background_width=&#8221;fullwidth&#8221; rt_row_content_width=&#8221;default&#8221; rt_row_style=&#8221;default-style&#8221; rt_row_height=&#8221;full_height&#8221; rt_holder_placement=&#8221;middle&#8221; rt_column_placement=&#8221;middle&#8221; rt_row_borders=&#8221;&#8221; rt_row_shadows=&#8221;&#8221; rt_column_gaps=&#8221;&#8221; rt_row_paddings=&#8221;true&#8221; rt_bg_effect=&#8221;shape&#8221; rt_bg_shape=&#8221;cross-left&#8221; rt_bg_custom_alignment=&#8221;top&#8221; rt_transparent_bg=&#8221;&#8221; rt_bg_image_repeat=&#8221;no-repeat&#8221; rt_bg_size=&#8221;cover&#8221; rt_bg_position=&#8221;right bottom&#8221; rt_bg_video_format=&#8221;self-hosted&#8221; rt_padding_top=&#8221;50&#8243; rt_padding_bottom=&#8221;50&#8243; rt_bg_overlay_color=&#8221;rgba(0,0,0,0.15)&#8221; rt_bg_color=&#8221;#515585&#8243; rt_bg_shape_color=&#8221;#bfaea0&#8243;][vc_column css_animation=&#8221;fadeInUp&#8221; rt_col_paddings=&#8221;false&#8221; rt_wrp_col_paddings=&#8221;true&#8221; rt_column_shadow=&#8221;&#8221; rt_border_top=&#8221;&#8221; rt_border_bottom=&#8221;&#8221; rt_border_left=&#8221;&#8221; rt_border_right=&#8221;&#8221; rt_border_top_mobile=&#8221;&#8221; rt_border_bottom_mobile=&#8221;&#8221; rt_border_left_mobile=&#8221;&#8221; rt_border_right_mobile=&#8221;&#8221; rt_bg_holder=&#8221;wrapper&#8221; rt_bg_image_repeat=&#8221;repeat&#8221; rt_bg_size=&#8221;auto auto&#8221; rt_bg_position=&#8221;right top&#8221; rt_bg_attachment=&#8221;scroll&#8221; rt_bg_color=&#8221;#ffffff&#8221; rt_bg_overlay_color=&#8221;&#8221; rt_wrp_padding_top=&#8221;40&#8243; rt_wrp_padding_bottom=&#8221;30&#8243; rt_wrp_padding_left=&#8221;40&#8243; rt_wrp_padding_right=&#8221;40&#8243;][vc_text_separator title_align=&#8221;separator_align_left&#8221; css_animation=&#8221;none&#8221; title=&#8221;Hotelrichtlinien&#8221; el_class=&#8221;h4&#8243;][vc_column_text][\/vc_column_text][vc_text_separator title_align=&#8221;separator_align_left&#8221; &#8230; <a class=\"more-link\" href=\"https:\/\/keamare.gr\/de\/km-policy\/\">Continue reading<\/a><\/p>\n","protected":false},"author":1,"featured_media":0,"parent":0,"menu_order":0,"comment_status":"closed","ping_status":"closed","template":"","meta":{"footnotes":""},"class_list":["post-4657","page","type-page","status-publish","hentry"],"_links":{"self":[{"href":"https:\/\/keamare.gr\/de\/wp-json\/wp\/v2\/pages\/4657","targetHints":{"allow":["GET"]}}],"collection":[{"href":"https:\/\/keamare.gr\/de\/wp-json\/wp\/v2\/pages"}],"about":[{"href":"https:\/\/keamare.gr\/de\/wp-json\/wp\/v2\/types\/page"}],"author":[{"embeddable":true,"href":"https:\/\/keamare.gr\/de\/wp-json\/wp\/v2\/users\/1"}],"replies":[{"embeddable":true,"href":"https:\/\/keamare.gr\/de\/wp-json\/wp\/v2\/comments?post=4657"}],"version-history":[{"count":2,"href":"https:\/\/keamare.gr\/de\/wp-json\/wp\/v2\/pages\/4657\/revisions"}],"predecessor-version":[{"id":5035,"href":"https:\/\/keamare.gr\/de\/wp-json\/wp\/v2\/pages\/4657\/revisions\/5035"}],"wp:attachment":[{"href":"https:\/\/keamare.gr\/de\/wp-json\/wp\/v2\/media?parent=4657"}],"curies":[{"name":"wp","href":"https:\/\/api.w.org\/{rel}","templated":true}]}}